{"id":2,"date":"2011-09-06T20:39:25","date_gmt":"2011-09-06T20:39:25","guid":{"rendered":"http:\/\/finkes.se\/\/?page_id=2"},"modified":"2026-01-29T11:13:11","modified_gmt":"2026-01-29T11:13:11","slug":"hundhotellet","status":"publish","type":"page","link":"https:\/\/finkes.se\/?page_id=2","title":{"rendered":"Hundhotellet"},"content":{"rendered":"<p>V\u00e4lkommen till Hundhotellet p\u00e5 Spj\u00e4lla G\u00e5rd vid flygrakan i Sj\u00f6bo!<\/p>\n<p>Vi erbjuder v\u00e5ra fyrbenta g\u00e4ster en lyxig vistelse under deras tid h\u00e4r.<\/p>\n<p style=\"text-align:center;\"><a href=\"http:\/\/finkes.se\/wp-content\/uploads\/2011\/09\/046.jpg\"><img loading=\"lazy\" decoding=\"async\" class=\"aligncenter size-large wp-image-74\" title=\"hundhotell\" src=\"http:\/\/finkes.se\/wp-content\/uploads\/2011\/09\/046-1024x468.jpg\" alt=\"fr\u00e5n rasthagen\" width=\"574\" height=\"262\" srcset=\"https:\/\/finkes.se\/wp-content\/uploads\/2011\/09\/046-1024x468.jpg 1024w, https:\/\/finkes.se\/wp-content\/uploads\/2011\/09\/046-300x137.jpg 300w\" sizes=\"auto, (max-width: 574px) 100vw, 574px\" \/><\/a><\/p>\n<p>Hundhotellet \u00e4r fr\u00e5n b\u00f6rjan ett h\u00e4st stall, vilket har bidragit till gott om plats och<br \/>\nutrymmen, stora rymliga boxar och h\u00f6gt i tak. Varje hund har en egen box och uterasg\u00e5rd, endast hundar fr\u00e5n samma familj f\u00e5r bo tillsammans om s\u00e5 \u00f6nskas. I boxen finns en v\u00e4lb\u00e4ddad s\u00e4ng, filtar, pl\u00e4dar samt mat och vattensk\u00e5l. Rastg\u00e5rdarna har skugga och \u00e4r robusta med ordentliga<br \/>\nh\u00f6ga galler och gr\u00e4vs\u00e4kert underlag.<\/p>\n<p>2-3 g\u00e5nger dagligen f\u00e5r varje hund springa av sig i n\u00e5got av v\u00e5ra 3 stora rasth\u00e4gn som \u00e4r updelade p\u00e5 tomtens 2 hektar.<\/p>\n<p>Alla som vill \u00e4r hj\u00e4rtligt v\u00e4lkomna p\u00e5 bes\u00f6k f\u00f6r att titta runt lite innan f\u00f6rsta g\u00e5ngen<br \/>\ner hund ska bo hos oss. Detta rekommenderas d\u00e5 du som \u00e4gare i lugn och ro kan<br \/>\nse hur din hund kommer bo under tiden h\u00e4r. Det \u00e4r ocks\u00e5 trevligare f\u00f6r hunden<br \/>\natt komma till oss och stanna n\u00e4r den k\u00e4nner igen sig fr\u00e5n ett tidigare bes\u00f6k.<br \/>\nSkulle ni inte hinna med det \u00e4r det viktigt att vi tar god tid p\u00e5 oss vid incheckningen<br \/>\noch att ni inte k\u00e4nner tidspress och stress. Allt f\u00f6r att er hund skall k\u00e4nna<br \/>\nsig lugn n\u00e4r ni l\u00e4mnar den och \u00e5ker.<\/p>\n<p style=\"text-align:center;\"><a href=\"http:\/\/finkes.se\/wp-content\/uploads\/2011\/09\/0601.jpg\"><img loading=\"lazy\" decoding=\"async\" class=\"aligncenter size-large wp-image-79\" title=\"060\" src=\"http:\/\/finkes.se\/wp-content\/uploads\/2011\/09\/0601-1024x622.jpg\" alt=\"\" width=\"614\" height=\"373\" srcset=\"https:\/\/finkes.se\/wp-content\/uploads\/2011\/09\/0601-1024x622.jpg 1024w, https:\/\/finkes.se\/wp-content\/uploads\/2011\/09\/0601-300x182.jpg 300w\" sizes=\"auto, (max-width: 614px) 100vw, 614px\" \/><\/a><\/p>\n","protected":false},"excerpt":{"rendered":"<p>V\u00e4lkommen till Hundhotellet p\u00e5 Spj\u00e4lla G\u00e5rd vid flygrakan i Sj\u00f6bo! Vi erbjuder v\u00e5ra fyrbenta g\u00e4ster en lyxig vistelse under deras tid h\u00e4r. Hundhotellet \u00e4r fr\u00e5n&#8230;<\/p>\n<div class=\"more-link-wrapper\"><a class=\"more-link\" href=\"https:\/\/finkes.se\/?page_id=2\">mer&#8230;<span class=\"screen-reader-text\">Hundhotellet<\/span><\/a><\/div>\n","protected":false},"author":1,"featured_media":0,"parent":0,"menu_order":3,"comment_status":"closed","ping_status":"closed","template":"","meta":{"footnotes":""},"class_list":["post-2","page","type-page","status-publish","hentry","entry"],"_links":{"self":[{"href":"https:\/\/finkes.se\/index.php?rest_route=\/wp\/v2\/pages\/2","targetHints":{"allow":["GET"]}}],"collection":[{"href":"https:\/\/finkes.se\/index.php?rest_route=\/wp\/v2\/pages"}],"about":[{"href":"https:\/\/finkes.se\/index.php?rest_route=\/wp\/v2\/types\/page"}],"author":[{"embeddable":true,"href":"https:\/\/finkes.se\/index.php?rest_route=\/wp\/v2\/users\/1"}],"replies":[{"embeddable":true,"href":"https:\/\/finkes.se\/index.php?rest_route=%2Fwp%2Fv2%2Fcomments&post=2"}],"version-history":[{"count":15,"href":"https:\/\/finkes.se\/index.php?rest_route=\/wp\/v2\/pages\/2\/revisions"}],"predecessor-version":[{"id":264,"href":"https:\/\/finkes.se\/index.php?rest_route=\/wp\/v2\/pages\/2\/revisions\/264"}],"wp:attachment":[{"href":"https:\/\/finkes.se\/index.php?rest_route=%2Fwp%2Fv2%2Fmedia&parent=2"}],"curies":[{"name":"wp","href":"https:\/\/api.w.org\/{rel}","templated":true}]}}