{"id":230,"date":"2025-02-18T11:17:30","date_gmt":"2025-02-18T11:17:30","guid":{"rendered":"https:\/\/finkes.se\/?page_id=230"},"modified":"2025-05-26T12:12:24","modified_gmt":"2025-05-26T12:12:24","slug":"friskvard-och-rehab","status":"publish","type":"page","link":"https:\/\/finkes.se\/?page_id=230","title":{"rendered":"Mina Tj\u00e4nster"},"content":{"rendered":"\n<p>Jag brinner f\u00f6r hundars v\u00e4lm\u00e5ende och vill hj\u00e4lpa just dig att f\u00e5 din eller dina hundar att vara sitt starkaste, smidigaste och mest n\u00f6jda jag. Oavsett om du har en valp, unghund, vuxen hund eller senior s\u00e5 finns det alltid tips och trix f\u00f6r att de ska m\u00e5 s\u00e5 bra som m\u00f6jligt. \u00c4r din hund v\u00e4rldens b\u00e4sta s\u00e4llskap eller \u00e4r den ocks\u00e5 en topp- atlet? Arbetar den som soffpotatis, lydnadschampion, jakthund eller tj\u00e4nstehund? \u00c4r oturen och skadan framme? Jag hj\u00e4lper er med ett anpassat uppl\u00e4gg f\u00f6r just din hund. <\/p>\n\n\n\n<p>Jag erbjuder en rad olika tj\u00e4nster och allt \u00e4r personligt anpassat f\u00f6r just dina \u00f6nskem\u00e5l. <\/p>\n\n\n\n<p>Jag sponsrar j\u00e4tteg\u00e4rna t\u00e4vlingar, prov, utst\u00e4llningar med mera! Kontakta mig s\u00e5 fixar vi g\u00e5vokort! <\/p>\n\n\n\n<figure class=\"wp-block-image size-large\"><a href=\"http:\/\/finkes.se\/wp-content\/uploads\/2025\/05\/Mina-tjanster.png\"><img loading=\"lazy\" decoding=\"async\" width=\"791\" height=\"1024\" src=\"http:\/\/finkes.se\/wp-content\/uploads\/2025\/05\/Mina-tjanster-791x1024.png\" alt=\"\" class=\"wp-image-253\" srcset=\"https:\/\/finkes.se\/wp-content\/uploads\/2025\/05\/Mina-tjanster-791x1024.png 791w, https:\/\/finkes.se\/wp-content\/uploads\/2025\/05\/Mina-tjanster-232x300.png 232w, https:\/\/finkes.se\/wp-content\/uploads\/2025\/05\/Mina-tjanster-768x994.png 768w, https:\/\/finkes.se\/wp-content\/uploads\/2025\/05\/Mina-tjanster.png 927w\" sizes=\"auto, (max-width: 791px) 100vw, 791px\" \/><\/a><\/figure>\n","protected":false},"excerpt":{"rendered":"<p>Jag brinner f\u00f6r hundars v\u00e4lm\u00e5ende och vill hj\u00e4lpa just dig att f\u00e5 din eller dina hundar att vara sitt starkaste, smidigaste och mest n\u00f6jda jag.&#8230;<\/p>\n<div class=\"more-link-wrapper\"><a class=\"more-link\" href=\"https:\/\/finkes.se\/?page_id=230\">mer&#8230;<span class=\"screen-reader-text\">Mina Tj\u00e4nster<\/span><\/a><\/div>\n","protected":false},"author":1,"featured_media":0,"parent":0,"menu_order":2,"comment_status":"closed","ping_status":"closed","template":"","meta":{"footnotes":""},"class_list":["post-230","page","type-page","status-publish","hentry","entry"],"_links":{"self":[{"href":"https:\/\/finkes.se\/index.php?rest_route=\/wp\/v2\/pages\/230","targetHints":{"allow":["GET"]}}],"collection":[{"href":"https:\/\/finkes.se\/index.php?rest_route=\/wp\/v2\/pages"}],"about":[{"href":"https:\/\/finkes.se\/index.php?rest_route=\/wp\/v2\/types\/page"}],"author":[{"embeddable":true,"href":"https:\/\/finkes.se\/index.php?rest_route=\/wp\/v2\/users\/1"}],"replies":[{"embeddable":true,"href":"https:\/\/finkes.se\/index.php?rest_route=%2Fwp%2Fv2%2Fcomments&post=230"}],"version-history":[{"count":5,"href":"https:\/\/finkes.se\/index.php?rest_route=\/wp\/v2\/pages\/230\/revisions"}],"predecessor-version":[{"id":263,"href":"https:\/\/finkes.se\/index.php?rest_route=\/wp\/v2\/pages\/230\/revisions\/263"}],"wp:attachment":[{"href":"https:\/\/finkes.se\/index.php?rest_route=%2Fwp%2Fv2%2Fmedia&parent=230"}],"curies":[{"name":"wp","href":"https:\/\/api.w.org\/{rel}","templated":true}]}}