{"id":33,"date":"2011-09-22T11:02:26","date_gmt":"2011-09-22T11:02:26","guid":{"rendered":"http:\/\/finkes.se\/?page_id=33"},"modified":"2017-11-09T16:50:39","modified_gmt":"2017-11-09T16:50:39","slug":"att-tanka-pa","status":"publish","type":"page","link":"https:\/\/finkes.se\/?page_id=33","title":{"rendered":"Att t\u00e4nka p\u00e5"},"content":{"rendered":"<p><a href=\"http:\/\/finkes.se\/wp-content\/uploads\/2011\/09\/119.jpg\"><img loading=\"lazy\" decoding=\"async\" class=\"aligncenter size-large wp-image-84\" title=\"H\u00e4r finns alltid godis!\" alt=\"\" src=\"http:\/\/finkes.se\/wp-content\/uploads\/2011\/09\/119-1024x682.jpg\" width=\"614\" height=\"409\" srcset=\"https:\/\/finkes.se\/wp-content\/uploads\/2011\/09\/119-1024x682.jpg 1024w, https:\/\/finkes.se\/wp-content\/uploads\/2011\/09\/119-300x200.jpg 300w\" sizes=\"auto, (max-width: 614px) 100vw, 614px\" \/><\/a>Ta g\u00e4rna med egen mat till er hund och g\u00e4rna<br \/>\nlite extra. H\u00e4r \u00e4r det mycket nya intryck och mycket att h\u00e5lla koll p\u00e5 s\u00e5 de<br \/>\nflesta hundarna vilar inte lika mycket som de kanske g\u00f6r hemma. Vilket g\u00f6r att<br \/>\nde f\u00f6rbrukar mer energi.<\/p>\n<ul>\n<li>Ni f\u00e5r g\u00e4rna bes\u00f6ka oss med hunden och kolla runt ngn vecka innan sj\u00e4lva<br \/>\nvistelsen. Var noga med att ringa och best\u00e4mma en tid!<\/li>\n<li>P\u00e5 hotellet finns b\u00e5de s\u00e4ngar och \u201ds\u00e4ngkl\u00e4der\u201d<br \/>\nmen ni f\u00e5r g\u00e4rna ha med er egna filtar o dyl. som luktar och k\u00e4nns som hemma<br \/>\nf\u00f6r er hund. Detta f\u00f6r att hunden skall kunna g\u00f6ra sig hemmastadd s\u00e5 fort som<br \/>\nm\u00f6jligt.<\/li>\n<li>Sj\u00e4lvklart f\u00e5r hunden ha med sig eget godis och tuggben!<\/li>\n<\/ul>\n<p>&nbsp;<\/p>\n","protected":false},"excerpt":{"rendered":"<p>Ta g\u00e4rna med egen mat till er hund och g\u00e4rna lite extra. H\u00e4r \u00e4r det mycket nya intryck och mycket att h\u00e5lla koll p\u00e5 s\u00e5&#8230;<\/p>\n<div class=\"more-link-wrapper\"><a class=\"more-link\" href=\"https:\/\/finkes.se\/?page_id=33\">mer&#8230;<span class=\"screen-reader-text\">Att t\u00e4nka p\u00e5<\/span><\/a><\/div>\n","protected":false},"author":1,"featured_media":0,"parent":2,"menu_order":4,"comment_status":"closed","ping_status":"closed","template":"","meta":{"footnotes":""},"class_list":["post-33","page","type-page","status-publish","hentry","entry"],"_links":{"self":[{"href":"https:\/\/finkes.se\/index.php?rest_route=\/wp\/v2\/pages\/33","targetHints":{"allow":["GET"]}}],"collection":[{"href":"https:\/\/finkes.se\/index.php?rest_route=\/wp\/v2\/pages"}],"about":[{"href":"https:\/\/finkes.se\/index.php?rest_route=\/wp\/v2\/types\/page"}],"author":[{"embeddable":true,"href":"https:\/\/finkes.se\/index.php?rest_route=\/wp\/v2\/users\/1"}],"replies":[{"embeddable":true,"href":"https:\/\/finkes.se\/index.php?rest_route=%2Fwp%2Fv2%2Fcomments&post=33"}],"version-history":[{"count":8,"href":"https:\/\/finkes.se\/index.php?rest_route=\/wp\/v2\/pages\/33\/revisions"}],"predecessor-version":[{"id":156,"href":"https:\/\/finkes.se\/index.php?rest_route=\/wp\/v2\/pages\/33\/revisions\/156"}],"up":[{"embeddable":true,"href":"https:\/\/finkes.se\/index.php?rest_route=\/wp\/v2\/pages\/2"}],"wp:attachment":[{"href":"https:\/\/finkes.se\/index.php?rest_route=%2Fwp%2Fv2%2Fmedia&parent=33"}],"curies":[{"name":"wp","href":"https:\/\/api.w.org\/{rel}","templated":true}]}}